{"id":56,"date":"2020-05-14T19:06:13","date_gmt":"2020-05-14T17:06:13","guid":{"rendered":"https:\/\/stephanecade.com\/?page_id=56"},"modified":"2020-06-07T20:18:18","modified_gmt":"2020-06-07T18:18:18","slug":"reve-reve-realite-2016","status":"publish","type":"page","link":"https:\/\/stephanecade.com\/index.php\/pas-ce-que-tu-crois-2020\/reve-reve-realite-2016\/","title":{"rendered":"R\u00eave + R\u00eave = R\u00e9alit\u00e9 (2016)"},"content":{"rendered":"\n<div class=\"wp-block-media-text alignwide is-stacked-on-mobile\"><figure class=\"wp-block-media-text__media\"><img data-attachment-id=\"318\" data-permalink=\"https:\/\/stephanecade.com\/index.php\/pas-ce-que-tu-crois-2020\/reve-reve-realite-2016\/attachment\/3700187662417\/\" data-orig-file=\"https:\/\/i1.wp.com\/stephanecade.com\/wp-content\/uploads\/2020\/05\/3700187662417.jpg?fit=1400%2C1400&amp;ssl=1\" data-orig-size=\"1400,1400\" data-comments-opened=\"0\" data-image-meta=\"{&quot;aperture&quot;:&quot;0&quot;,&quot;credit&quot;:&quot;&quot;,&quot;camera&quot;:&quot;&quot;,&quot;caption&quot;:&quot;&quot;,&quot;created_timestamp&quot;:&quot;0&quot;,&quot;copyright&quot;:&quot;&quot;,&quot;focal_length&quot;:&quot;0&quot;,&quot;iso&quot;:&quot;0&quot;,&quot;shutter_speed&quot;:&quot;0&quot;,&quot;title&quot;:&quot;&quot;,&quot;orientation&quot;:&quot;1&quot;}\" data-image-title=\"Reve+Reve=Realite\" data-image-description=\"&lt;p&gt;Album R\u00eave+R\u00eave=R\u00e9alit\u00e9 (2016). CD Boitier plexi. Neuf&lt;\/p&gt;\n\" data-medium-file=\"https:\/\/i1.wp.com\/stephanecade.com\/wp-content\/uploads\/2020\/05\/3700187662417.jpg?fit=300%2C300&amp;ssl=1\" data-large-file=\"https:\/\/i1.wp.com\/stephanecade.com\/wp-content\/uploads\/2020\/05\/3700187662417.jpg?fit=525%2C525&amp;ssl=1\" loading=\"lazy\" width=\"525\" height=\"525\" src=\"https:\/\/i1.wp.com\/stephanecade.com\/wp-content\/uploads\/2020\/05\/3700187662417.jpg?resize=525%2C525&#038;ssl=1\" alt=\"Image de couverture de l'album R\u00eave+R\u00eave=R\u00e9alit\u00e9 \" class=\"wp-image-318\" srcset=\"https:\/\/i1.wp.com\/stephanecade.com\/wp-content\/uploads\/2020\/05\/3700187662417.jpg?resize=1024%2C1024&amp;ssl=1 1024w, https:\/\/i1.wp.com\/stephanecade.com\/wp-content\/uploads\/2020\/05\/3700187662417.jpg?resize=300%2C300&amp;ssl=1 300w, https:\/\/i1.wp.com\/stephanecade.com\/wp-content\/uploads\/2020\/05\/3700187662417.jpg?resize=150%2C150&amp;ssl=1 150w, https:\/\/i1.wp.com\/stephanecade.com\/wp-content\/uploads\/2020\/05\/3700187662417.jpg?resize=768%2C768&amp;ssl=1 768w, https:\/\/i1.wp.com\/stephanecade.com\/wp-content\/uploads\/2020\/05\/3700187662417.jpg?resize=100%2C100&amp;ssl=1 100w, https:\/\/i1.wp.com\/stephanecade.com\/wp-content\/uploads\/2020\/05\/3700187662417.jpg?w=1400&amp;ssl=1 1400w\" sizes=\"(max-width: 706px) 89vw, (max-width: 767px) 82vw, 740px\" data-recalc-dims=\"1\" \/><\/figure><div class=\"wp-block-media-text__content\">\n<p class=\"has-medium-font-size\"><strong>R\u00eave + R\u00eave = R\u00e9alit\u00e9<\/strong><\/p>\n\n\n\n<p class=\"has-medium-font-size\"><em>R\u00eave+R\u00eave=R\u00e9alit\u00e9<\/em>, comme un slogan. Comme une d\u00e9cision aussi. Celle de ne pas abdiquer face aux difficult\u00e9s en tous genres. Choisir malgr\u00e9 tout, de vivre sa vie comme on l\u2019entend. Pas d&rsquo;autre choix alors que de r\u00eaver plus fort encore.<\/p>\n\n\n\n<p class=\"has-medium-font-size\"><strong>Tranches de vie<\/strong><\/p>\n\n\n\n<p class=\"has-medium-font-size\">Un jour de 2012, St\u00e9phane se retrouve assis dans un avion pour aller enregistrer des voix en Norv\u00e8ge. C\u2019est <em>Boarding Gate<\/em>. C&rsquo;est <em>Maxdo<\/em> qui s&rsquo;\u00e9loigne, ce quartier de Paris o\u00f9 il vient de passer 10 ans, pr\u00e8s de Porte de la Chapelle. St\u00e9phane convoque ses souvenirs, avec <em>Les Ch\u00e2teaux de Sable<\/em>, <em>L&rsquo;herbe folle<\/em>, <em>Camden<\/em>. Il s&rsquo;en invente avec <em>Le croissant<\/em>, duo en noir et blanc avec <a rel=\"noreferrer noopener\" href=\"https:\/\/agnes-bihl.fr\/\" target=\"_blank\">Agn\u00e8s Bihl<\/a>. Et nous ballade dans son Paris avec <em>MP3<\/em>, <em>Fashion<\/em>, <em>Le parvis<\/em>.<\/p>\n\n\n\n<p class=\"has-medium-font-size\">Produit par Henry de la Martini\u00e8re, cet album est r\u00e9alis\u00e9 entre la France et la Norv\u00e8ge, par St\u00e9phane D\u00e9trez. Il sort chez Musicast en 2016.<\/p>\n<\/div><\/div>\n\n\n\n<blockquote class=\"wp-block-quote\"><p>Les chansons de&nbsp;<em>R\u00eave + R\u00eave = R\u00e9alit\u00e9<\/em>&nbsp;&nbsp;<em>\u00ab&nbsp;<\/em>impriment aussi surement la r\u00e9tine que l\u2019ou\u00efe&nbsp;et font de cet album un relatif ovni, s\u00e9duisant de bout en bout&nbsp;\u00bb<\/p><cite>Michel Kemper, <a rel=\"noreferrer noopener\" href=\"http:\/\/www.nosenchanteurs.eu\/index.php\/2016\/05\/07\/larithmetique-amoureuse-de-stephane-cade\/\" target=\"_blank\">NosEnchanteurs<\/a><br><\/cite><\/blockquote>\n\n\n\n<div style=\"height:50px\" aria-hidden=\"true\" class=\"wp-block-spacer\"><\/div>\n\n\n\n<h2>D\u00e9couvrez le clip de \u00ab\u00a0Chagrin d&rsquo;amour\u00a0\u00bb<\/h2>\n\n\n\n<iframe width=\"560\" height=\"315\" src=\"https:\/\/www.youtube.com\/embed\/sLp2wdk_BaI\" frameborder=\"0\" allow=\"accelerometer; autoplay; encrypted-media; gyroscope; picture-in-picture\" allowfullscreen=\"\"><\/iframe>\n\n\n\n<h2>D\u00e9couvrez le clip de \u00ab\u00a0Les ch\u00e2teaux de sable\u00a0\u00bb<\/h2>\n\n\n\n<iframe width=\"560\" height=\"315\" src=\"https:\/\/www.youtube.com\/embed\/u7HYGOGNOrg\" frameborder=\"0\" allow=\"accelerometer; autoplay; encrypted-media; gyroscope; picture-in-picture\" allowfullscreen=\"\"><\/iframe>\n\n\n\n<h2>\u00c9coutez \u00ab\u00a0L&rsquo;herbe folle\u00a0\u00bb<\/h2>\n\n\n\n<iframe width=\"560\" height=\"315\" src=\"https:\/\/www.youtube.com\/embed\/eShNmsiQ_HU\" frameborder=\"0\" allow=\"accelerometer; autoplay; encrypted-media; gyroscope; picture-in-picture\" allowfullscreen=\"\"><\/iframe>\n\n\n\n<p>Cher visiteur, n&rsquo;oublie pas de jouer \u00e0 la marelle avant de partir ! C&rsquo;est <a href=\"https:\/\/stephanecade.com\/index.php\/marelle\/\">l\u00e0<\/a>.<\/p>\n","protected":false},"excerpt":{"rendered":"<p>R\u00eave + R\u00eave = R\u00e9alit\u00e9 R\u00eave+R\u00eave=R\u00e9alit\u00e9, comme un slogan. Comme une d\u00e9cision aussi. Celle de ne pas abdiquer face aux difficult\u00e9s en tous genres. Choisir malgr\u00e9 tout, de vivre sa vie comme on l\u2019entend. Pas d&rsquo;autre choix alors que de r\u00eaver plus fort encore. Tranches de vie Un jour de 2012, St\u00e9phane se retrouve assis &hellip; <\/p>\n<p class=\"link-more\"><a href=\"https:\/\/stephanecade.com\/index.php\/pas-ce-que-tu-crois-2020\/reve-reve-realite-2016\/\" class=\"more-link\">Continuer la lecture<span class=\"screen-reader-text\"> de &laquo;&nbsp;R\u00eave + R\u00eave = R\u00e9alit\u00e9 (2016)&nbsp;&raquo;<\/span><\/a><\/p>\n","protected":false},"author":1,"featured_media":0,"parent":17,"menu_order":2,"comment_status":"closed","ping_status":"closed","template":"","meta":{"spay_email":""},"yoast_head":"<!-- This site is optimized with the Yoast SEO plugin v15.2.1 - https:\/\/yoast.com\/wordpress\/plugins\/seo\/ -->\n<title>R\u00eave + R\u00eave = R\u00e9alit\u00e9 (2016) - ST\u00c9PHANE CAD\u00c9<\/title>\n<meta name=\"robots\" content=\"index, follow, max-snippet:-1, max-image-preview:large, max-video-preview:-1\" \/>\n<link rel=\"canonical\" href=\"https:\/\/stephanecade.com\/index.php\/pas-ce-que-tu-crois-2020\/reve-reve-realite-2016\/\" \/>\n<meta property=\"og:locale\" content=\"fr_FR\" \/>\n<meta property=\"og:type\" content=\"article\" \/>\n<meta property=\"og:title\" content=\"R\u00eave + R\u00eave = R\u00e9alit\u00e9 (2016) - ST\u00c9PHANE CAD\u00c9\" \/>\n<meta property=\"og:description\" content=\"R\u00eave + R\u00eave = R\u00e9alit\u00e9 R\u00eave+R\u00eave=R\u00e9alit\u00e9, comme un slogan. Comme une d\u00e9cision aussi. Celle de ne pas abdiquer face aux difficult\u00e9s en tous genres. Choisir malgr\u00e9 tout, de vivre sa vie comme on l\u2019entend. Pas d&rsquo;autre choix alors que de r\u00eaver plus fort encore. Tranches de vie Un jour de 2012, St\u00e9phane se retrouve assis &hellip; Continuer la lecture de &laquo;&nbsp;R\u00eave + R\u00eave = R\u00e9alit\u00e9 (2016)&nbsp;&raquo;\" \/>\n<meta property=\"og:url\" content=\"https:\/\/stephanecade.com\/index.php\/pas-ce-que-tu-crois-2020\/reve-reve-realite-2016\/\" \/>\n<meta property=\"og:site_name\" content=\"ST\u00c9PHANE CAD\u00c9\" \/>\n<meta property=\"article:modified_time\" content=\"2020-06-07T18:18:18+00:00\" \/>\n<meta property=\"og:image\" content=\"https:\/\/stephanecade.com\/wp-content\/uploads\/2020\/05\/3700187662417-1024x1024.jpg\" \/>\n<meta name=\"twitter:card\" content=\"summary_large_image\" \/>\n<meta name=\"twitter:label1\" content=\"\u00c9crit par\">\n\t<meta name=\"twitter:data1\" content=\"admin3210\">\n\t<meta name=\"twitter:label2\" content=\"Dur\u00e9e de lecture est.\">\n\t<meta name=\"twitter:data2\" content=\"1 minute\">\n<script type=\"application\/ld+json\" class=\"yoast-schema-graph\">{\"@context\":\"https:\/\/schema.org\",\"@graph\":[{\"@type\":\"WebSite\",\"@id\":\"https:\/\/stephanecade.com\/#website\",\"url\":\"https:\/\/stephanecade.com\/\",\"name\":\"ST\\u00c9PHANE CAD\\u00c9\",\"description\":\"SITE OFFICIEL\",\"potentialAction\":[{\"@type\":\"SearchAction\",\"target\":\"https:\/\/stephanecade.com\/?s={search_term_string}\",\"query-input\":\"required name=search_term_string\"}],\"inLanguage\":\"fr-FR\"},{\"@type\":\"ImageObject\",\"@id\":\"https:\/\/stephanecade.com\/index.php\/pas-ce-que-tu-crois-2020\/reve-reve-realite-2016\/#primaryimage\",\"inLanguage\":\"fr-FR\",\"url\":\"https:\/\/i1.wp.com\/stephanecade.com\/wp-content\/uploads\/2020\/05\/3700187662417.jpg?fit=1400%2C1400&ssl=1\",\"width\":1400,\"height\":1400,\"caption\":\"Photo : \\u00a9 Rachel Saddedine\"},{\"@type\":\"WebPage\",\"@id\":\"https:\/\/stephanecade.com\/index.php\/pas-ce-que-tu-crois-2020\/reve-reve-realite-2016\/#webpage\",\"url\":\"https:\/\/stephanecade.com\/index.php\/pas-ce-que-tu-crois-2020\/reve-reve-realite-2016\/\",\"name\":\"R\\u00eave + R\\u00eave = R\\u00e9alit\\u00e9 (2016) - ST\\u00c9PHANE CAD\\u00c9\",\"isPartOf\":{\"@id\":\"https:\/\/stephanecade.com\/#website\"},\"primaryImageOfPage\":{\"@id\":\"https:\/\/stephanecade.com\/index.php\/pas-ce-que-tu-crois-2020\/reve-reve-realite-2016\/#primaryimage\"},\"datePublished\":\"2020-05-14T17:06:13+00:00\",\"dateModified\":\"2020-06-07T18:18:18+00:00\",\"inLanguage\":\"fr-FR\",\"potentialAction\":[{\"@type\":\"ReadAction\",\"target\":[\"https:\/\/stephanecade.com\/index.php\/pas-ce-que-tu-crois-2020\/reve-reve-realite-2016\/\"]}]}]}<\/script>\n<!-- \/ Yoast SEO plugin. -->","_links":{"self":[{"href":"https:\/\/stephanecade.com\/index.php\/wp-json\/wp\/v2\/pages\/56"}],"collection":[{"href":"https:\/\/stephanecade.com\/index.php\/wp-json\/wp\/v2\/pages"}],"about":[{"href":"https:\/\/stephanecade.com\/index.php\/wp-json\/wp\/v2\/types\/page"}],"author":[{"embeddable":true,"href":"https:\/\/stephanecade.com\/index.php\/wp-json\/wp\/v2\/users\/1"}],"replies":[{"embeddable":true,"href":"https:\/\/stephanecade.com\/index.php\/wp-json\/wp\/v2\/comments?post=56"}],"version-history":[{"count":28,"href":"https:\/\/stephanecade.com\/index.php\/wp-json\/wp\/v2\/pages\/56\/revisions"}],"predecessor-version":[{"id":1068,"href":"https:\/\/stephanecade.com\/index.php\/wp-json\/wp\/v2\/pages\/56\/revisions\/1068"}],"up":[{"embeddable":true,"href":"https:\/\/stephanecade.com\/index.php\/wp-json\/wp\/v2\/pages\/17"}],"wp:attachment":[{"href":"https:\/\/stephanecade.com\/index.php\/wp-json\/wp\/v2\/media?parent=56"}],"curies":[{"name":"wp","href":"https:\/\/api.w.org\/{rel}","templated":true}]}}