{"id":54,"date":"2020-05-14T19:05:12","date_gmt":"2020-05-14T17:05:12","guid":{"rendered":"https:\/\/stephanecade.com\/?page_id=54"},"modified":"2020-05-25T09:03:07","modified_gmt":"2020-05-25T07:03:07","slug":"cityrama-2009","status":"publish","type":"page","link":"https:\/\/stephanecade.com\/index.php\/pas-ce-que-tu-crois-2020\/cityrama-2009\/","title":{"rendered":"Cityrama (2009)"},"content":{"rendered":"\n<div class=\"wp-block-media-text alignwide is-stacked-on-mobile\"><figure class=\"wp-block-media-text__media\"><img data-attachment-id=\"335\" data-permalink=\"https:\/\/stephanecade.com\/index.php\/pas-ce-que-tu-crois-2020\/cityrama-2009\/cityrama_cover\/\" data-orig-file=\"https:\/\/i0.wp.com\/stephanecade.com\/wp-content\/uploads\/2020\/05\/Cityrama_Cover.jpg?fit=600%2C600&amp;ssl=1\" data-orig-size=\"600,600\" data-comments-opened=\"0\" data-image-meta=\"{&quot;aperture&quot;:&quot;0&quot;,&quot;credit&quot;:&quot;&quot;,&quot;camera&quot;:&quot;&quot;,&quot;caption&quot;:&quot;&quot;,&quot;created_timestamp&quot;:&quot;0&quot;,&quot;copyright&quot;:&quot;&quot;,&quot;focal_length&quot;:&quot;0&quot;,&quot;iso&quot;:&quot;0&quot;,&quot;shutter_speed&quot;:&quot;0&quot;,&quot;title&quot;:&quot;&quot;,&quot;orientation&quot;:&quot;1&quot;}\" data-image-title=\"Cityrama_Cover\" data-image-description=\"&lt;p&gt;Album Cityrama (2009). CD Digipack. Neuf&lt;\/p&gt;\n\" data-medium-file=\"https:\/\/i0.wp.com\/stephanecade.com\/wp-content\/uploads\/2020\/05\/Cityrama_Cover.jpg?fit=300%2C300&amp;ssl=1\" data-large-file=\"https:\/\/i0.wp.com\/stephanecade.com\/wp-content\/uploads\/2020\/05\/Cityrama_Cover.jpg?fit=525%2C525&amp;ssl=1\" loading=\"lazy\" width=\"525\" height=\"525\" src=\"https:\/\/i0.wp.com\/stephanecade.com\/wp-content\/uploads\/2020\/05\/Cityrama_Cover.jpg?resize=525%2C525&#038;ssl=1\" alt=\"\" class=\"wp-image-335\" srcset=\"https:\/\/i0.wp.com\/stephanecade.com\/wp-content\/uploads\/2020\/05\/Cityrama_Cover.jpg?w=600&amp;ssl=1 600w, https:\/\/i0.wp.com\/stephanecade.com\/wp-content\/uploads\/2020\/05\/Cityrama_Cover.jpg?resize=300%2C300&amp;ssl=1 300w, https:\/\/i0.wp.com\/stephanecade.com\/wp-content\/uploads\/2020\/05\/Cityrama_Cover.jpg?resize=150%2C150&amp;ssl=1 150w, https:\/\/i0.wp.com\/stephanecade.com\/wp-content\/uploads\/2020\/05\/Cityrama_Cover.jpg?resize=100%2C100&amp;ssl=1 100w\" sizes=\"(max-width: 525px) 100vw, 525px\" data-recalc-dims=\"1\" \/><\/figure><div class=\"wp-block-media-text__content\">\n<p class=\"has-medium-font-size\"><strong>Un carnet de voyage<\/strong><\/p>\n\n\n\n<p class=\"has-medium-font-size\"><em>Cityrama<\/em> est un carnet de voyage, inspir\u00e9 des villes travers\u00e9es par St\u00e9phane lors de ses tourn\u00e9es, en solo ou en premi\u00e8re partie de <a href=\"https:\/\/www.facebook.com\/larueketanou\/\">La Rue Ketanou<\/a> : Metz, Nancy, Mulhouse, etc&#8230; <br>La couleur du disque nait de la rencontre avec Adrien Tronquart, Nicolas Charmel et Marc Gauthier. Sylvain Moser est de retour \u00e0 la r\u00e9alisation, ainsi qu\u2019aux claviers.<\/p>\n\n\n\n<p class=\"has-medium-font-size\"><strong>Adrien Tronquart<\/strong><\/p>\n\n\n\n<p class=\"has-medium-font-size\">Rien ne pr\u00e9dispose ce brillant guitariste rock et pop, \u00e0 accompagner de la chanson fran\u00e7aise. Mais l\u2019amiti\u00e9 est imm\u00e9diate entre St\u00e9phane et Adrien, qui joueront ensemble en duo jusqu\u2019au d\u00e9c\u00e8s tragique de ce dernier en 2015.<br>Sur <em>Cityrama<\/em>, Adrien fait un travail magistral de chef d\u2019orchestre, insufflant son exigence et sa grandeur d\u2019\u00e2me dans le c\u0153ur et les doigts de chacun. La mort d\u2019Adrien laisse un grand vide chez tous ceux qui l\u2019aimaient et tout un <a href=\"http:\/\/limonaire.free.fr\/\" target=\"_blank\" rel=\"noreferrer noopener\">Limonaire<\/a> en deuil.<\/p>\n<\/div><\/div>\n\n\n\n<blockquote class=\"wp-block-quote\"><p><em>\u00ab\u2005<\/em>Cityrama <em>est \u2005le<\/em> <em>diaporama<\/em> <em>d\u2019une<\/em> <em>France<\/em> <em>multiple,<\/em> <em>\u00e9mouvante<\/em> <em>et<\/em> <em>chaleureuse\u2005\u00bb<\/em>, ou encore <em>\u00ab\u2005un<\/em> <em>road-movie<\/em> <em>aussi<\/em> <em>dr\u00f4le<\/em> <em>que<\/em> <em>sentimental,<\/em> <em>[qui]<\/em> <em>se<\/em> <em>laisse<\/em> <em>apprivoiser<\/em> <em>avec<\/em> <em>un<\/em> <em>plaisir<\/em> <em>certain\u2005\u00bb<\/em><\/p><cite>Alain Birmann, <strong><a href=\"http:\/\/www.longueurdondes.com\/2010\/02\/19\/stephane-cade\/\" target=\"_blank\" rel=\"noreferrer noopener\">Longueur d\u2019Ondes<\/a><\/strong><\/cite><\/blockquote>\n\n\n\n<blockquote class=\"wp-block-quote\"><p><em>\u00ab\u2005Des<\/em> <em>textes<\/em> <em>de<\/em> <em>toute<\/em> <em>beaut\u00e9,<\/em> <em>o\u00f9<\/em> <em>le<\/em> <em>sentiment<\/em> <em>de<\/em> <em>m\u00e9lancolie<\/em> <em>se<\/em> <em>m\u00eale<\/em> <em>\u00e0<\/em> <em>un<\/em> <em>humour<\/em> <em>noir<\/em> <em>de<\/em> <em>toute<\/em> <em>\u00e9l\u00e9gance\u2005\u00bb<\/em><\/p><cite><strong>&nbsp;Francofans<\/strong>,&nbsp;n<sup>o<\/sup>&nbsp;16,\u200e&nbsp;avril-mai 2009<\/cite><\/blockquote>\n\n\n\n<div style=\"height:50px\" aria-hidden=\"true\" class=\"wp-block-spacer\"><\/div>\n\n\n\n<h2>\u00c9coutez \u00ab\u00a0Charleville-M\u00e9zi\u00e8res\u00a0\u00bb<\/h2>\n\n\n\n<iframe width=\"560\" height=\"315\" src=\"https:\/\/www.youtube.com\/embed\/pl4os3XPV7A\" frameborder=\"0\" allow=\"accelerometer; autoplay; encrypted-media; gyroscope; picture-in-picture\" allowfullscreen=\"\"><\/iframe>\n\n\n\n<h2>D\u00e9couvrez le clip de \u00ab\u00a0Neuilly\u00a0\u00bb<\/h2>\n\n\n\n<iframe width=\"560\" height=\"315\" src=\"https:\/\/www.youtube.com\/embed\/x11vbMoYJv8\" frameborder=\"0\" allow=\"accelerometer; autoplay; encrypted-media; gyroscope; picture-in-picture\" allowfullscreen=\"\"><\/iframe>\n\n\n\n<h2>\u00c9coutez \u00ab\u00a0L&rsquo;hiver \u00e0 Nancy\u00a0\u00bb<\/h2>\n\n\n\n<iframe width=\"560\" height=\"315\" src=\"https:\/\/www.youtube.com\/embed\/T8kasubKHXY\" frameborder=\"0\" allow=\"accelerometer; autoplay; encrypted-media; gyroscope; picture-in-picture\" allowfullscreen=\"\"><\/iframe>\n\n\n\n<h2>\u00c9coutez \u00ab\u00a0Chanson du sixi\u00e8me \u00e9tage\u00a0\u00bb<\/h2>\n\n\n\n<iframe width=\"560\" height=\"315\" src=\"https:\/\/www.youtube.com\/embed\/gi1Tg9o_3bk\" frameborder=\"0\" allow=\"accelerometer; autoplay; encrypted-media; gyroscope; picture-in-picture\" allowfullscreen=\"\"><\/iframe>\n\n\n\n<p>Cher visiteur, n&rsquo;oublie pas de jouer \u00e0 la marelle avant de partir ! C&rsquo;est <a href=\"https:\/\/stephanecade.com\/index.php\/marelle\/\">l\u00e0<\/a>.<\/p>\n","protected":false},"excerpt":{"rendered":"<p>Un carnet de voyage Cityrama est un carnet de voyage, inspir\u00e9 des villes travers\u00e9es par St\u00e9phane lors de ses tourn\u00e9es, en solo ou en premi\u00e8re partie de La Rue Ketanou : Metz, Nancy, Mulhouse, etc&#8230; La couleur du disque nait de la rencontre avec Adrien Tronquart, Nicolas Charmel et Marc Gauthier. Sylvain Moser est de &hellip; <\/p>\n<p class=\"link-more\"><a href=\"https:\/\/stephanecade.com\/index.php\/pas-ce-que-tu-crois-2020\/cityrama-2009\/\" class=\"more-link\">Continuer la lecture<span class=\"screen-reader-text\"> de &laquo;&nbsp;Cityrama (2009)&nbsp;&raquo;<\/span><\/a><\/p>\n","protected":false},"author":1,"featured_media":0,"parent":17,"menu_order":3,"comment_status":"closed","ping_status":"closed","template":"","meta":{"spay_email":""},"yoast_head":"<!-- This site is optimized with the Yoast SEO plugin v15.2.1 - https:\/\/yoast.com\/wordpress\/plugins\/seo\/ -->\n<title>Cityrama (2009) - ST\u00c9PHANE CAD\u00c9<\/title>\n<meta name=\"robots\" content=\"index, follow, max-snippet:-1, max-image-preview:large, max-video-preview:-1\" \/>\n<link rel=\"canonical\" href=\"https:\/\/stephanecade.com\/index.php\/pas-ce-que-tu-crois-2020\/cityrama-2009\/\" \/>\n<meta property=\"og:locale\" content=\"fr_FR\" \/>\n<meta property=\"og:type\" content=\"article\" \/>\n<meta property=\"og:title\" content=\"Cityrama (2009) - ST\u00c9PHANE CAD\u00c9\" \/>\n<meta property=\"og:description\" content=\"Un carnet de voyage Cityrama est un carnet de voyage, inspir\u00e9 des villes travers\u00e9es par St\u00e9phane lors de ses tourn\u00e9es, en solo ou en premi\u00e8re partie de La Rue Ketanou : Metz, Nancy, Mulhouse, etc&#8230; La couleur du disque nait de la rencontre avec Adrien Tronquart, Nicolas Charmel et Marc Gauthier. Sylvain Moser est de &hellip; Continuer la lecture de &laquo;&nbsp;Cityrama (2009)&nbsp;&raquo;\" \/>\n<meta property=\"og:url\" content=\"https:\/\/stephanecade.com\/index.php\/pas-ce-que-tu-crois-2020\/cityrama-2009\/\" \/>\n<meta property=\"og:site_name\" content=\"ST\u00c9PHANE CAD\u00c9\" \/>\n<meta property=\"article:modified_time\" content=\"2020-05-25T07:03:07+00:00\" \/>\n<meta property=\"og:image\" content=\"https:\/\/stephanecade.com\/wp-content\/uploads\/2020\/05\/Cityrama_Cover.jpg\" \/>\n<meta name=\"twitter:card\" content=\"summary_large_image\" \/>\n<meta name=\"twitter:label1\" content=\"\u00c9crit par\">\n\t<meta name=\"twitter:data1\" content=\"admin3210\">\n\t<meta name=\"twitter:label2\" content=\"Dur\u00e9e de lecture est.\">\n\t<meta name=\"twitter:data2\" content=\"1 minute\">\n<script type=\"application\/ld+json\" class=\"yoast-schema-graph\">{\"@context\":\"https:\/\/schema.org\",\"@graph\":[{\"@type\":\"WebSite\",\"@id\":\"https:\/\/stephanecade.com\/#website\",\"url\":\"https:\/\/stephanecade.com\/\",\"name\":\"ST\\u00c9PHANE CAD\\u00c9\",\"description\":\"SITE OFFICIEL\",\"potentialAction\":[{\"@type\":\"SearchAction\",\"target\":\"https:\/\/stephanecade.com\/?s={search_term_string}\",\"query-input\":\"required name=search_term_string\"}],\"inLanguage\":\"fr-FR\"},{\"@type\":\"ImageObject\",\"@id\":\"https:\/\/stephanecade.com\/index.php\/pas-ce-que-tu-crois-2020\/cityrama-2009\/#primaryimage\",\"inLanguage\":\"fr-FR\",\"url\":\"https:\/\/i0.wp.com\/stephanecade.com\/wp-content\/uploads\/2020\/05\/Cityrama_Cover.jpg?fit=600%2C600&ssl=1\",\"width\":600,\"height\":600,\"caption\":\"Photo : \\u00a9\\u00a0St\\u00e9phane Cad\\u00e9\"},{\"@type\":\"WebPage\",\"@id\":\"https:\/\/stephanecade.com\/index.php\/pas-ce-que-tu-crois-2020\/cityrama-2009\/#webpage\",\"url\":\"https:\/\/stephanecade.com\/index.php\/pas-ce-que-tu-crois-2020\/cityrama-2009\/\",\"name\":\"Cityrama (2009) - ST\\u00c9PHANE CAD\\u00c9\",\"isPartOf\":{\"@id\":\"https:\/\/stephanecade.com\/#website\"},\"primaryImageOfPage\":{\"@id\":\"https:\/\/stephanecade.com\/index.php\/pas-ce-que-tu-crois-2020\/cityrama-2009\/#primaryimage\"},\"datePublished\":\"2020-05-14T17:05:12+00:00\",\"dateModified\":\"2020-05-25T07:03:07+00:00\",\"inLanguage\":\"fr-FR\",\"potentialAction\":[{\"@type\":\"ReadAction\",\"target\":[\"https:\/\/stephanecade.com\/index.php\/pas-ce-que-tu-crois-2020\/cityrama-2009\/\"]}]}]}<\/script>\n<!-- \/ Yoast SEO plugin. -->","_links":{"self":[{"href":"https:\/\/stephanecade.com\/index.php\/wp-json\/wp\/v2\/pages\/54"}],"collection":[{"href":"https:\/\/stephanecade.com\/index.php\/wp-json\/wp\/v2\/pages"}],"about":[{"href":"https:\/\/stephanecade.com\/index.php\/wp-json\/wp\/v2\/types\/page"}],"author":[{"embeddable":true,"href":"https:\/\/stephanecade.com\/index.php\/wp-json\/wp\/v2\/users\/1"}],"replies":[{"embeddable":true,"href":"https:\/\/stephanecade.com\/index.php\/wp-json\/wp\/v2\/comments?post=54"}],"version-history":[{"count":29,"href":"https:\/\/stephanecade.com\/index.php\/wp-json\/wp\/v2\/pages\/54\/revisions"}],"predecessor-version":[{"id":971,"href":"https:\/\/stephanecade.com\/index.php\/wp-json\/wp\/v2\/pages\/54\/revisions\/971"}],"up":[{"embeddable":true,"href":"https:\/\/stephanecade.com\/index.php\/wp-json\/wp\/v2\/pages\/17"}],"wp:attachment":[{"href":"https:\/\/stephanecade.com\/index.php\/wp-json\/wp\/v2\/media?parent=54"}],"curies":[{"name":"wp","href":"https:\/\/api.w.org\/{rel}","templated":true}]}}