{"id":46,"date":"2020-05-14T18:34:13","date_gmt":"2020-05-14T16:34:13","guid":{"rendered":"https:\/\/stephanecade.com\/?page_id=46"},"modified":"2020-06-26T12:55:24","modified_gmt":"2020-06-26T10:55:24","slug":"serie-rose-2006","status":"publish","type":"page","link":"https:\/\/stephanecade.com\/index.php\/pas-ce-que-tu-crois-2020\/serie-rose-2006\/","title":{"rendered":"S\u00e9rie rose (2006)"},"content":{"rendered":"\n<div class=\"wp-block-media-text alignwide is-stacked-on-mobile\"><figure class=\"wp-block-media-text__media\"><img data-attachment-id=\"347\" data-permalink=\"https:\/\/stephanecade.com\/index.php\/pas-ce-que-tu-crois-2020\/serie-rose-2006\/serierosecmjn\/\" data-orig-file=\"https:\/\/i0.wp.com\/stephanecade.com\/wp-content\/uploads\/2020\/05\/SerieRoseCMJN-scaled.jpg?fit=2560%2C2348&amp;ssl=1\" data-orig-size=\"2560,2348\" data-comments-opened=\"0\" data-image-meta=\"{&quot;aperture&quot;:&quot;0&quot;,&quot;credit&quot;:&quot;&quot;,&quot;camera&quot;:&quot;&quot;,&quot;caption&quot;:&quot;&quot;,&quot;created_timestamp&quot;:&quot;0&quot;,&quot;copyright&quot;:&quot;&quot;,&quot;focal_length&quot;:&quot;0&quot;,&quot;iso&quot;:&quot;0&quot;,&quot;shutter_speed&quot;:&quot;0&quot;,&quot;title&quot;:&quot;&quot;,&quot;orientation&quot;:&quot;1&quot;}\" data-image-title=\"SerieRoseCMJN\" data-image-description=\"&lt;p&gt;Album S\u00e9rie Rose (2006). CD digipack. Neuf&lt;\/p&gt;\n\" data-medium-file=\"https:\/\/i0.wp.com\/stephanecade.com\/wp-content\/uploads\/2020\/05\/SerieRoseCMJN-scaled.jpg?fit=300%2C275&amp;ssl=1\" data-large-file=\"https:\/\/i0.wp.com\/stephanecade.com\/wp-content\/uploads\/2020\/05\/SerieRoseCMJN-scaled.jpg?fit=525%2C481&amp;ssl=1\" loading=\"lazy\" width=\"525\" height=\"481\" src=\"https:\/\/i1.wp.com\/stephanecade.com\/wp-content\/uploads\/2020\/05\/SerieRoseCMJN.jpg?resize=525%2C481&#038;ssl=1\" alt=\"\" class=\"wp-image-347\" srcset=\"https:\/\/i0.wp.com\/stephanecade.com\/wp-content\/uploads\/2020\/05\/SerieRoseCMJN-scaled.jpg?resize=1024%2C939&amp;ssl=1 1024w, https:\/\/i0.wp.com\/stephanecade.com\/wp-content\/uploads\/2020\/05\/SerieRoseCMJN-scaled.jpg?resize=300%2C275&amp;ssl=1 300w, https:\/\/i0.wp.com\/stephanecade.com\/wp-content\/uploads\/2020\/05\/SerieRoseCMJN-scaled.jpg?resize=768%2C704&amp;ssl=1 768w, https:\/\/i0.wp.com\/stephanecade.com\/wp-content\/uploads\/2020\/05\/SerieRoseCMJN-scaled.jpg?resize=1536%2C1409&amp;ssl=1 1536w, https:\/\/i0.wp.com\/stephanecade.com\/wp-content\/uploads\/2020\/05\/SerieRoseCMJN-scaled.jpg?resize=2048%2C1878&amp;ssl=1 2048w\" sizes=\"(max-width: 706px) 89vw, (max-width: 767px) 82vw, 740px\" data-recalc-dims=\"1\" \/><\/figure><div class=\"wp-block-media-text__content\">\n<p class=\"has-medium-font-size\"><strong>Un virage radical<\/strong> ?<\/p>\n\n\n\n<p class=\"has-medium-font-size\"><em>S\u00e9rie Rose <\/em>est r\u00e9alis\u00e9 par <a rel=\"noreferrer noopener\" href=\"http:\/\/sylvainmoser.com\/\" target=\"_blank\">Sylvain Moser<\/a>. Les arrangements sont radicalement diff\u00e9rents de ceux de <em>Voix Off<\/em>. Port\u00e9 par de nouvelles chansons, de nouvelles envies, le son est plus pop. Mais l\u2019esprit reste bien le m\u00eame et toujours souffle un vent de libert\u00e9.<\/p>\n\n\n\n<p class=\"has-medium-font-size\"><strong>La chanson <em>S\u00e9rie Rose<\/em><\/strong><\/p>\n\n\n\n<p class=\"has-medium-font-size\"><em>S\u00e9rie Rose<\/em> est une  chanson pornographique, dont l&rsquo;envie est n\u00e9e de la lecture des <em>Onze mille verges<\/em> d\u2019Apollinaire. Anne Brugi\u00e8re l\u2019interpr\u00e8te en duo avec St\u00e9phane.<\/p>\n<\/div><\/div>\n\n\n\n<blockquote class=\"wp-block-quote is-style-default\"><p><em>\u00ab<\/em> <span style=\"font-size: inherit;\">Ce deuxi\u00e8me album de St\u00e9phane Cad\u00e9 est une invitation aux voyages\u2026 qu\u2019importe la distance car le voyage int\u00e9rieur est plus important encore. Cad\u00e9 r\u00eave avec des mots pr\u00e9cis, rigoureux et fous. Ah ! ce dialogue \u00e9rotique avec Anne Brugi\u00e8re ! Cad\u00e9 sait traiter le quotidien et le banal comme une aventure fabuleuse\u2026<\/span> <em>\u00bb<\/em><\/p><cite>Michel Trihoreau, <strong>Chorus  n\u00b058, d\u00e9cembre 2006<\/strong><\/cite><\/blockquote>\n\n\n\n<blockquote class=\"wp-block-quote is-style-default\"><p>\u00ab Transmutation !, lan\u00e7ait jadis un personnage de dessin anim\u00e9 en devenant un justicier sans peur et sans reproche. St\u00e9phane Cad\u00e9 ne joue pas encore les Superman, mais il pourrait bien lui aussi lancer son cri de guerre et de conqu\u00eate, tant il nous d\u00e9voile ici un inattendu visage : apr\u00e8s une d\u00e9cennie de chanson plut\u00f4t classique et sage, le voici qui s\u2019adonne \u00e0 une pop d\u00e9su\u00e8te et libertine, voire carr\u00e9ment \u00e9rotique. L\u2019impertinence est assez dr\u00f4le. Dommage que la crudit\u00e9 verbale y soit parfois un peu vaine car le disque est ponctu\u00e9 de quelques beaux moments \u00bb<\/p><cite>Val\u00e9rie Lehoux, <strong>T\u00e9l\u00e9rama n<sup>o<\/sup>&nbsp;2974,\u200e&nbsp;13 janvier 2007<\/strong><\/cite><\/blockquote>\n\n\n\n<blockquote class=\"wp-block-quote is-style-default\"><p>\u00ab Belle plume rose, pour un dr\u00f4le d\u2019oiseau qui tient chaud au coeur. Les mots se posent comme librement sur une pop qui balance, l\u00e9g\u00e8re et libertine. Une bouff\u00e9e d\u2019airs purs. \u00bb<\/p><cite><strong>LYLO n\u00b0229 du 18\/11\/06<\/strong><\/cite><\/blockquote>\n\n\n\n<div style=\"height:50px\" aria-hidden=\"true\" class=\"wp-block-spacer\"><\/div>\n\n\n\n<p class=\"has-medium-font-size\"><strong>\u00c0 propos de S\u00e9rie Rose (suite)<\/strong><\/p>\n\n\n\n<p class=\"has-medium-font-size\">Sylvain Moser, joue la plupart des instruments. St\u00e9phane Cad\u00e9 et Youen Cadiou font le reste. Pablo Krantz pr\u00eate sa guitare sur la chanson <em>Cabaret<\/em>. Les chansons de <em>S\u00e9rie Rose<\/em> sont sign\u00e9es St\u00e9phane Cad\u00e9, paroles et musiques, sauf <em>St Germain des Pr\u00e9s<\/em> de L\u00e9o Ferr\u00e9. <\/p>\n\n\n\n<p class=\"has-medium-font-size\">La photo de couverture est de <a rel=\"noreferrer noopener\" href=\"http:\/\/hebert-photo.com\/\" target=\"_blank\">Pierre H\u00e9bert<\/a>. L&rsquo;artwork de la cover et du livret est sign\u00e9 <a rel=\"noreferrer noopener\" href=\"http:\/\/www.fauxbaton.com\/\" target=\"_blank\">Nicolas Fauxbaton<\/a>. Le site web r\u00e9alis\u00e9 en Flash par ce dernier est en ligne <a rel=\"noreferrer noopener\" href=\"http:\/\/www.accentgraphique.com\/stephanecade\/\" target=\"_blank\">ici<\/a> . Les planches du livret sont disponibles dans la Galerie 2003-2006.<\/p>\n\n\n\n<p><\/p>\n\n\n\n<p class=\"has-medium-font-size\">Fin novembre, l\u2019album est class\u00e9 deuxi\u00e8me de la play-list club-Quota (classement de 35 artistes refl\u00e9tant les play-lists des 24 radios du r\u00e9seau Quota).<\/p>\n\n\n\n<div style=\"height:50px\" aria-hidden=\"true\" class=\"wp-block-spacer\"><\/div>\n\n\n\n<h2>\u00c9coutez \u00ab\u00a0De l&rsquo;amour et de l&rsquo;air\u00a0\u00bb<\/h2>\n\n\n\n<iframe width=\"560\" height=\"315\" src=\"https:\/\/www.youtube.com\/embed\/Ze7ghl3zDKY\" frameborder=\"0\" allow=\"accelerometer; autoplay; encrypted-media; gyroscope; picture-in-picture\" allowfullscreen=\"\"><\/iframe>\n\n\n\n<h2>\u00c9coutez \u00ab\u00a0S\u00e9rie rose\u00a0\u00bb<\/h2>\n\n\n\n<iframe width=\"560\" height=\"315\" src=\"https:\/\/www.youtube.com\/embed\/videoseries?list=PLCdJM1cLOovJ00qAndQmnwEzj4iYMM2HL\" frameborder=\"0\" allow=\"accelerometer; autoplay; encrypted-media; gyroscope; picture-in-picture\" allowfullscreen=\"\"><\/iframe>\n\n\n\n<p class=\"has-medium-font-size\">Cher visiteur, n&rsquo;oublie pas de jouer \u00e0 la marelle avant de partir ! C&rsquo;est <a href=\"https:\/\/stephanecade.com\/index.php\/marelle\/\">l\u00e0<\/a>.<\/p>\n","protected":false},"excerpt":{"rendered":"<p>Un virage radical ? S\u00e9rie Rose est r\u00e9alis\u00e9 par Sylvain Moser. Les arrangements sont radicalement diff\u00e9rents de ceux de Voix Off. Port\u00e9 par de nouvelles chansons, de nouvelles envies, le son est plus pop. Mais l\u2019esprit reste bien le m\u00eame et toujours souffle un vent de libert\u00e9. La chanson S\u00e9rie Rose S\u00e9rie Rose est une &hellip; <\/p>\n<p class=\"link-more\"><a href=\"https:\/\/stephanecade.com\/index.php\/pas-ce-que-tu-crois-2020\/serie-rose-2006\/\" class=\"more-link\">Continuer la lecture<span class=\"screen-reader-text\"> de &laquo;&nbsp;S\u00e9rie rose (2006)&nbsp;&raquo;<\/span><\/a><\/p>\n","protected":false},"author":1,"featured_media":0,"parent":17,"menu_order":4,"comment_status":"closed","ping_status":"closed","template":"","meta":{"spay_email":""},"yoast_head":"<!-- This site is optimized with the Yoast SEO plugin v15.2.1 - https:\/\/yoast.com\/wordpress\/plugins\/seo\/ -->\n<title>S\u00e9rie rose (2006) - ST\u00c9PHANE CAD\u00c9<\/title>\n<meta name=\"robots\" content=\"index, follow, max-snippet:-1, max-image-preview:large, max-video-preview:-1\" \/>\n<link rel=\"canonical\" href=\"https:\/\/stephanecade.com\/index.php\/pas-ce-que-tu-crois-2020\/serie-rose-2006\/\" \/>\n<meta property=\"og:locale\" content=\"fr_FR\" \/>\n<meta property=\"og:type\" content=\"article\" \/>\n<meta property=\"og:title\" content=\"S\u00e9rie rose (2006) - ST\u00c9PHANE CAD\u00c9\" \/>\n<meta property=\"og:description\" content=\"Un virage radical ? S\u00e9rie Rose est r\u00e9alis\u00e9 par Sylvain Moser. Les arrangements sont radicalement diff\u00e9rents de ceux de Voix Off. Port\u00e9 par de nouvelles chansons, de nouvelles envies, le son est plus pop. Mais l\u2019esprit reste bien le m\u00eame et toujours souffle un vent de libert\u00e9. La chanson S\u00e9rie Rose S\u00e9rie Rose est une &hellip; Continuer la lecture de &laquo;&nbsp;S\u00e9rie rose (2006)&nbsp;&raquo;\" \/>\n<meta property=\"og:url\" content=\"https:\/\/stephanecade.com\/index.php\/pas-ce-que-tu-crois-2020\/serie-rose-2006\/\" \/>\n<meta property=\"og:site_name\" content=\"ST\u00c9PHANE CAD\u00c9\" \/>\n<meta property=\"article:modified_time\" content=\"2020-06-26T10:55:24+00:00\" \/>\n<meta property=\"og:image\" content=\"https:\/\/stephanecade.com\/wp-content\/uploads\/2020\/05\/SerieRoseCMJN-1024x939.jpg\" \/>\n<meta name=\"twitter:card\" content=\"summary_large_image\" \/>\n<meta name=\"twitter:label1\" content=\"\u00c9crit par\">\n\t<meta name=\"twitter:data1\" content=\"admin3210\">\n\t<meta name=\"twitter:label2\" content=\"Dur\u00e9e de lecture est.\">\n\t<meta name=\"twitter:data2\" content=\"2 minutes\">\n<script type=\"application\/ld+json\" class=\"yoast-schema-graph\">{\"@context\":\"https:\/\/schema.org\",\"@graph\":[{\"@type\":\"WebSite\",\"@id\":\"https:\/\/stephanecade.com\/#website\",\"url\":\"https:\/\/stephanecade.com\/\",\"name\":\"ST\\u00c9PHANE CAD\\u00c9\",\"description\":\"SITE OFFICIEL\",\"potentialAction\":[{\"@type\":\"SearchAction\",\"target\":\"https:\/\/stephanecade.com\/?s={search_term_string}\",\"query-input\":\"required name=search_term_string\"}],\"inLanguage\":\"fr-FR\"},{\"@type\":\"ImageObject\",\"@id\":\"https:\/\/stephanecade.com\/index.php\/pas-ce-que-tu-crois-2020\/serie-rose-2006\/#primaryimage\",\"inLanguage\":\"fr-FR\",\"url\":\"https:\/\/stephanecade.com\/wp-content\/uploads\/2020\/05\/SerieRoseCMJN-1024x939.jpg\"},{\"@type\":\"WebPage\",\"@id\":\"https:\/\/stephanecade.com\/index.php\/pas-ce-que-tu-crois-2020\/serie-rose-2006\/#webpage\",\"url\":\"https:\/\/stephanecade.com\/index.php\/pas-ce-que-tu-crois-2020\/serie-rose-2006\/\",\"name\":\"S\\u00e9rie rose (2006) - ST\\u00c9PHANE CAD\\u00c9\",\"isPartOf\":{\"@id\":\"https:\/\/stephanecade.com\/#website\"},\"primaryImageOfPage\":{\"@id\":\"https:\/\/stephanecade.com\/index.php\/pas-ce-que-tu-crois-2020\/serie-rose-2006\/#primaryimage\"},\"datePublished\":\"2020-05-14T16:34:13+00:00\",\"dateModified\":\"2020-06-26T10:55:24+00:00\",\"inLanguage\":\"fr-FR\",\"potentialAction\":[{\"@type\":\"ReadAction\",\"target\":[\"https:\/\/stephanecade.com\/index.php\/pas-ce-que-tu-crois-2020\/serie-rose-2006\/\"]}]}]}<\/script>\n<!-- \/ Yoast SEO plugin. -->","_links":{"self":[{"href":"https:\/\/stephanecade.com\/index.php\/wp-json\/wp\/v2\/pages\/46"}],"collection":[{"href":"https:\/\/stephanecade.com\/index.php\/wp-json\/wp\/v2\/pages"}],"about":[{"href":"https:\/\/stephanecade.com\/index.php\/wp-json\/wp\/v2\/types\/page"}],"author":[{"embeddable":true,"href":"https:\/\/stephanecade.com\/index.php\/wp-json\/wp\/v2\/users\/1"}],"replies":[{"embeddable":true,"href":"https:\/\/stephanecade.com\/index.php\/wp-json\/wp\/v2\/comments?post=46"}],"version-history":[{"count":31,"href":"https:\/\/stephanecade.com\/index.php\/wp-json\/wp\/v2\/pages\/46\/revisions"}],"predecessor-version":[{"id":1092,"href":"https:\/\/stephanecade.com\/index.php\/wp-json\/wp\/v2\/pages\/46\/revisions\/1092"}],"up":[{"embeddable":true,"href":"https:\/\/stephanecade.com\/index.php\/wp-json\/wp\/v2\/pages\/17"}],"wp:attachment":[{"href":"https:\/\/stephanecade.com\/index.php\/wp-json\/wp\/v2\/media?parent=46"}],"curies":[{"name":"wp","href":"https:\/\/api.w.org\/{rel}","templated":true}]}}