{"id":33,"date":"2020-05-14T18:15:57","date_gmt":"2020-05-14T16:15:57","guid":{"rendered":"https:\/\/stephanecade.com\/?page_id=33"},"modified":"2020-06-07T20:12:37","modified_gmt":"2020-06-07T18:12:37","slug":"voix-off-2002","status":"publish","type":"page","link":"https:\/\/stephanecade.com\/index.php\/pas-ce-que-tu-crois-2020\/voix-off-2002\/","title":{"rendered":"Voix off (2002)"},"content":{"rendered":"\n<div class=\"wp-block-media-text alignwide is-stacked-on-mobile\"><figure class=\"wp-block-media-text__media\"><img data-attachment-id=\"366\" data-permalink=\"https:\/\/stephanecade.com\/index.php\/pas-ce-que-tu-crois-2020\/voix-off-2002\/r-14400906-1573767454-5567-jpeg\/\" data-orig-file=\"https:\/\/i1.wp.com\/stephanecade.com\/wp-content\/uploads\/2020\/05\/R-14400906-1573767454-5567.jpeg.jpg?fit=600%2C600&amp;ssl=1\" data-orig-size=\"600,600\" data-comments-opened=\"0\" data-image-meta=\"{&quot;aperture&quot;:&quot;0&quot;,&quot;credit&quot;:&quot;&quot;,&quot;camera&quot;:&quot;&quot;,&quot;caption&quot;:&quot;&quot;,&quot;created_timestamp&quot;:&quot;0&quot;,&quot;copyright&quot;:&quot;&quot;,&quot;focal_length&quot;:&quot;0&quot;,&quot;iso&quot;:&quot;0&quot;,&quot;shutter_speed&quot;:&quot;0&quot;,&quot;title&quot;:&quot;&quot;,&quot;orientation&quot;:&quot;0&quot;}\" data-image-title=\"R-14400906-1573767454-5567.jpeg\" data-image-description=\"&lt;p&gt;Album Voix Off-CD Digipack&lt;\/p&gt;\n\" data-medium-file=\"https:\/\/i1.wp.com\/stephanecade.com\/wp-content\/uploads\/2020\/05\/R-14400906-1573767454-5567.jpeg.jpg?fit=300%2C300&amp;ssl=1\" data-large-file=\"https:\/\/i1.wp.com\/stephanecade.com\/wp-content\/uploads\/2020\/05\/R-14400906-1573767454-5567.jpeg.jpg?fit=525%2C525&amp;ssl=1\" loading=\"lazy\" width=\"525\" height=\"525\" src=\"https:\/\/i1.wp.com\/stephanecade.com\/wp-content\/uploads\/2020\/05\/R-14400906-1573767454-5567.jpeg.jpg?resize=525%2C525&#038;ssl=1\" alt=\"\" class=\"wp-image-366\" srcset=\"https:\/\/i1.wp.com\/stephanecade.com\/wp-content\/uploads\/2020\/05\/R-14400906-1573767454-5567.jpeg.jpg?w=600&amp;ssl=1 600w, https:\/\/i1.wp.com\/stephanecade.com\/wp-content\/uploads\/2020\/05\/R-14400906-1573767454-5567.jpeg.jpg?resize=300%2C300&amp;ssl=1 300w, https:\/\/i1.wp.com\/stephanecade.com\/wp-content\/uploads\/2020\/05\/R-14400906-1573767454-5567.jpeg.jpg?resize=150%2C150&amp;ssl=1 150w, https:\/\/i1.wp.com\/stephanecade.com\/wp-content\/uploads\/2020\/05\/R-14400906-1573767454-5567.jpeg.jpg?resize=100%2C100&amp;ssl=1 100w\" sizes=\"(max-width: 525px) 100vw, 525px\" data-recalc-dims=\"1\" \/><\/figure><div class=\"wp-block-media-text__content\">\n<p class=\"has-medium-font-size\"><strong>L\u2019Amicale des Colombophiles<\/strong><\/p>\n\n\n\n<p class=\"has-medium-font-size\">\u00c0 partir de 1999, Nicolas Charmel arrange les titres de St\u00e9phane pour une formation de sept musiciens : trois violonistes, un trompettiste, un contrebassiste, un percussionniste et une guitare. L&rsquo;Amicale des Colombophiles est n\u00e9e ! Un spectacle nait o\u00f9 sketches et chansons alternent. <\/p>\n\n\n\n<p class=\"has-medium-font-size\"><strong>Tr\u00e8s nombreux concerts<\/strong><\/p>\n\n\n\n<p class=\"has-medium-font-size\">Le groupe \u00e0 g\u00e9om\u00e9trie variable, se produit \u00e9norm\u00e9ment \u00e0 Paris dans les caf\u00e9s-concerts et les bistrots, entre 1999 et 2002.<br>L\u2019album <em>Voix Off<\/em>, autoproduit et plut\u00f4t exp\u00e9rimental, est le fruit de ces ann\u00e9es de joyeux concerts et d\u2019incessantes r\u00e9p\u00e9titions.<\/p>\n<\/div><\/div>\n\n\n\n<blockquote class=\"wp-block-quote is-style-default\"><p>\u00ab Il est l\u2019un des auteurs les plus prometteurs de sa (jeune) g\u00e9n\u00e9ration. Ses textes, Cad\u00e9 les chante, les joue, les dit, ou les donne \u00e0 d\u2019autres (dont l\u2019\u00e9tonnant Dik\u00e8s). On en appr\u00e9cie les \u00e9chos surr\u00e9alistes, les r\u00e9sonnances \u00e9piques \u00bb<\/p><cite>Val\u00e9rie Lehoux, <strong>T\u00e9l\u00e9rama<\/strong>, f\u00e9vrier 2000<\/cite><\/blockquote>\n\n\n\n<blockquote class=\"wp-block-quote is-style-default\"><p><em>&nbsp;\u00ab&nbsp;<\/em>L\u00e9g\u00e8rement d\u00e9cal\u00e9, il force le sourire, et nous marchons. \u00ab\u00a0Il pleut, jouons du bugle\u00a0\u00bb\u2026 les chansons de St\u00e9phane Cad\u00e9 constituent un remontant : \u00ab\u00a0tout r\u00e9veille \u00e0 la vie\u00a0\u00bb. Cad\u00e9 sait traquer la vie dans ses replis les plus obscurs et la prolonger jusqu\u2019aux commandes, perplexes de nos \u00e9tats d\u2019\u00e2me. \u00bb<\/p><cite>Michel Trihoreau, <strong>Chorus<\/strong> n\u00b040, 2003<\/cite><\/blockquote>\n\n\n\n<blockquote class=\"wp-block-quote is-style-default\"><p>&nbsp;\u00ab&nbsp;Chronique d\u2019un monde contemporain au go\u00fbt nostalgique et plein d\u2019humour. La voix (off) r\u00e9cite en chantant et se laisse porter par des arrangements f\u00e9conds. C\u2019est tendre, po\u00e9tique &amp; aux airs atypiques&nbsp;\u00bb<\/p><cite><strong>LYLO<\/strong>, mai 2002<\/cite><\/blockquote>\n\n\n\n<blockquote class=\"wp-block-quote is-style-default\"><p>&nbsp;\u00ab Ecriture mordante, puissante, soulign\u00e9e ici par des musiciens temp\u00e9tueux. A suivre \u00bb<\/p><cite>Anne-Marie Paquotte, <strong>T\u00e9l\u00e9rama<\/strong>, 2003<\/cite><\/blockquote>\n\n\n\n<div style=\"height:50px\" aria-hidden=\"true\" class=\"wp-block-spacer\"><\/div>\n\n\n\n<p class=\"has-medium-font-size\"><strong>A propos de Voix Off<em> (suite)<\/em><\/strong><\/p>\n\n\n\n<p class=\"has-medium-font-size\">St\u00e9phane signe toutes les paroles sauf celles du <em>Bal des pendus<\/em>, d\u2019Arthur Rimbaud. Les musiques de <em>Le Chat bleu<\/em> et de Les masques sont de <a rel=\"noreferrer noopener\" href=\"https:\/\/fr.wikipedia.org\/wiki\/Mich%C3%A8le_Guigon\" target=\"_blank\">Mich\u00e8le Guigon<\/a>. Celle de <em>J\u2019aime le vent<\/em> est de <a rel=\"noreferrer noopener\" href=\"https:\/\/www.youtube.com\/watch?v=7QOVOxjj82E\" target=\"_blank\">Susy Firth<\/a>. Le morceau instrumental <em><a rel=\"noreferrer noopener\" href=\"https:\/\/www.youtube.com\/watch?v=4R8eE3QNhVA&amp;feature=youtu.be\" target=\"_blank\">Marche Fun\u00e8bre pour un Colombophile<\/a><\/em> est compos\u00e9 par Nicolas Charmel. La photo de couverture est sign\u00e9e <a rel=\"noreferrer noopener\" href=\"https:\/\/www.helenealice.org\/\" target=\"_blank\">H\u00e9l\u00e8ne Alice<\/a>. L&rsquo;artwork de la cover et du livret est r\u00e9alis\u00e9 par <a rel=\"noreferrer noopener\" href=\"http:\/\/www.fauxbaton.com\/\" target=\"_blank\">Nicolas Fauxbaton.<\/a><\/p>\n\n\n\n<p class=\"has-medium-font-size\"><strong>Un album remarqu\u00e9<\/strong><\/p>\n\n\n\n<p class=\"has-medium-font-size\">Cet album remarqu\u00e9 par la Fnac avait \u00e9t\u00e9 un des cinq autoproduits s\u00e9lectionn\u00e9s au niveau national dans le cadre de l\u2019op\u00e9ration \u00ab parcours nouvelle sc\u00e8ne fran\u00e7aise en mars 2003 <em>\u00bb<\/em>.<br>Il a \u00e9t\u00e9 diffus\u00e9 sur N\u00e9o, France Inter (Jean-Louis Foulquier), France Culture et de nombreuses radios du r\u00e9seau Ferarock et Quota. Il est bien accueilli par d\u2019importants m\u00e9dias. (T\u00e9l\u00e9rama, Lylo, \u2026).<br>Il est ensuite sign\u00e9 en distribution chez Shaoline Music, ancien M10.<\/p>\n\n\n\n<div style=\"height:50px\" aria-hidden=\"true\" class=\"wp-block-spacer\"><\/div>\n\n\n\n<h2>Ecoutez \u00ab\u00a0Leska\u00a0\u00bb<\/h2>\n\n\n\n<iframe width=\"560\" height=\"315\" src=\"https:\/\/www.youtube.com\/embed\/2rXdIImBLjs\" frameborder=\"0\" allow=\"accelerometer; autoplay; encrypted-media; gyroscope; picture-in-picture\" allowfullscreen=\"\"><\/iframe>\n\n\n\n<h2>Ecoutez \u00ab\u00a0Ratatouille\u00a0\u00bb<\/h2>\n\n\n\n<iframe width=\"560\" height=\"315\" src=\"https:\/\/www.youtube.com\/embed\/gmZdAwJY-8U\" frameborder=\"0\" allow=\"accelerometer; autoplay; encrypted-media; gyroscope; picture-in-picture\" allowfullscreen=\"\"><\/iframe>\n\n\n\n<p>Cher visiteur, n&rsquo;oublie pas de jouer \u00e0 la marelle avant de partir ! C&rsquo;est <a href=\"https:\/\/stephanecade.com\/index.php\/marelle\/\">l\u00e0<\/a>.<\/p>\n","protected":false},"excerpt":{"rendered":"<p>L\u2019Amicale des Colombophiles \u00c0 partir de 1999, Nicolas Charmel arrange les titres de St\u00e9phane pour une formation de sept musiciens : trois violonistes, un trompettiste, un contrebassiste, un percussionniste et une guitare. L&rsquo;Amicale des Colombophiles est n\u00e9e ! Un spectacle nait o\u00f9 sketches et chansons alternent. Tr\u00e8s nombreux concerts Le groupe \u00e0 g\u00e9om\u00e9trie variable, se &hellip; <\/p>\n<p class=\"link-more\"><a href=\"https:\/\/stephanecade.com\/index.php\/pas-ce-que-tu-crois-2020\/voix-off-2002\/\" class=\"more-link\">Continuer la lecture<span class=\"screen-reader-text\"> de &laquo;&nbsp;Voix off (2002)&nbsp;&raquo;<\/span><\/a><\/p>\n","protected":false},"author":1,"featured_media":0,"parent":17,"menu_order":5,"comment_status":"closed","ping_status":"closed","template":"","meta":{"spay_email":""},"yoast_head":"<!-- This site is optimized with the Yoast SEO plugin v15.2.1 - https:\/\/yoast.com\/wordpress\/plugins\/seo\/ -->\n<title>Voix off (2002) - ST\u00c9PHANE CAD\u00c9<\/title>\n<meta name=\"robots\" content=\"index, follow, max-snippet:-1, max-image-preview:large, max-video-preview:-1\" \/>\n<link rel=\"canonical\" href=\"https:\/\/stephanecade.com\/index.php\/pas-ce-que-tu-crois-2020\/voix-off-2002\/\" \/>\n<meta property=\"og:locale\" content=\"fr_FR\" \/>\n<meta property=\"og:type\" content=\"article\" \/>\n<meta property=\"og:title\" content=\"Voix off (2002) - ST\u00c9PHANE CAD\u00c9\" \/>\n<meta property=\"og:description\" content=\"L\u2019Amicale des Colombophiles \u00c0 partir de 1999, Nicolas Charmel arrange les titres de St\u00e9phane pour une formation de sept musiciens : trois violonistes, un trompettiste, un contrebassiste, un percussionniste et une guitare. L&rsquo;Amicale des Colombophiles est n\u00e9e ! Un spectacle nait o\u00f9 sketches et chansons alternent. Tr\u00e8s nombreux concerts Le groupe \u00e0 g\u00e9om\u00e9trie variable, se &hellip; Continuer la lecture de &laquo;&nbsp;Voix off (2002)&nbsp;&raquo;\" \/>\n<meta property=\"og:url\" content=\"https:\/\/stephanecade.com\/index.php\/pas-ce-que-tu-crois-2020\/voix-off-2002\/\" \/>\n<meta property=\"og:site_name\" content=\"ST\u00c9PHANE CAD\u00c9\" \/>\n<meta property=\"article:modified_time\" content=\"2020-06-07T18:12:37+00:00\" \/>\n<meta property=\"og:image\" content=\"https:\/\/stephanecade.com\/wp-content\/uploads\/2020\/05\/R-14400906-1573767454-5567.jpeg.jpg\" \/>\n<meta name=\"twitter:card\" content=\"summary_large_image\" \/>\n<meta name=\"twitter:label1\" content=\"\u00c9crit par\">\n\t<meta name=\"twitter:data1\" content=\"admin3210\">\n\t<meta name=\"twitter:label2\" content=\"Dur\u00e9e de lecture est.\">\n\t<meta name=\"twitter:data2\" content=\"2 minutes\">\n<script type=\"application\/ld+json\" class=\"yoast-schema-graph\">{\"@context\":\"https:\/\/schema.org\",\"@graph\":[{\"@type\":\"WebSite\",\"@id\":\"https:\/\/stephanecade.com\/#website\",\"url\":\"https:\/\/stephanecade.com\/\",\"name\":\"ST\\u00c9PHANE CAD\\u00c9\",\"description\":\"SITE OFFICIEL\",\"potentialAction\":[{\"@type\":\"SearchAction\",\"target\":\"https:\/\/stephanecade.com\/?s={search_term_string}\",\"query-input\":\"required name=search_term_string\"}],\"inLanguage\":\"fr-FR\"},{\"@type\":\"ImageObject\",\"@id\":\"https:\/\/stephanecade.com\/index.php\/pas-ce-que-tu-crois-2020\/voix-off-2002\/#primaryimage\",\"inLanguage\":\"fr-FR\",\"url\":\"https:\/\/i1.wp.com\/stephanecade.com\/wp-content\/uploads\/2020\/05\/R-14400906-1573767454-5567.jpeg.jpg?fit=600%2C600&ssl=1\",\"width\":600,\"height\":600,\"caption\":\"Photo : \\u00a9 H\\u00e9l\\u00e8ne Alice\"},{\"@type\":\"WebPage\",\"@id\":\"https:\/\/stephanecade.com\/index.php\/pas-ce-que-tu-crois-2020\/voix-off-2002\/#webpage\",\"url\":\"https:\/\/stephanecade.com\/index.php\/pas-ce-que-tu-crois-2020\/voix-off-2002\/\",\"name\":\"Voix off (2002) - ST\\u00c9PHANE CAD\\u00c9\",\"isPartOf\":{\"@id\":\"https:\/\/stephanecade.com\/#website\"},\"primaryImageOfPage\":{\"@id\":\"https:\/\/stephanecade.com\/index.php\/pas-ce-que-tu-crois-2020\/voix-off-2002\/#primaryimage\"},\"datePublished\":\"2020-05-14T16:15:57+00:00\",\"dateModified\":\"2020-06-07T18:12:37+00:00\",\"inLanguage\":\"fr-FR\",\"potentialAction\":[{\"@type\":\"ReadAction\",\"target\":[\"https:\/\/stephanecade.com\/index.php\/pas-ce-que-tu-crois-2020\/voix-off-2002\/\"]}]}]}<\/script>\n<!-- \/ Yoast SEO plugin. -->","_links":{"self":[{"href":"https:\/\/stephanecade.com\/index.php\/wp-json\/wp\/v2\/pages\/33"}],"collection":[{"href":"https:\/\/stephanecade.com\/index.php\/wp-json\/wp\/v2\/pages"}],"about":[{"href":"https:\/\/stephanecade.com\/index.php\/wp-json\/wp\/v2\/types\/page"}],"author":[{"embeddable":true,"href":"https:\/\/stephanecade.com\/index.php\/wp-json\/wp\/v2\/users\/1"}],"replies":[{"embeddable":true,"href":"https:\/\/stephanecade.com\/index.php\/wp-json\/wp\/v2\/comments?post=33"}],"version-history":[{"count":36,"href":"https:\/\/stephanecade.com\/index.php\/wp-json\/wp\/v2\/pages\/33\/revisions"}],"predecessor-version":[{"id":1061,"href":"https:\/\/stephanecade.com\/index.php\/wp-json\/wp\/v2\/pages\/33\/revisions\/1061"}],"up":[{"embeddable":true,"href":"https:\/\/stephanecade.com\/index.php\/wp-json\/wp\/v2\/pages\/17"}],"wp:attachment":[{"href":"https:\/\/stephanecade.com\/index.php\/wp-json\/wp\/v2\/media?parent=33"}],"curies":[{"name":"wp","href":"https:\/\/api.w.org\/{rel}","templated":true}]}}