{"id":13,"date":"2020-05-14T18:00:30","date_gmt":"2020-05-14T16:00:30","guid":{"rendered":"https:\/\/stephanecade.com\/?page_id=13"},"modified":"2020-11-10T15:39:08","modified_gmt":"2020-11-10T14:39:08","slug":"site-officiel-stephane-cade","status":"publish","type":"page","link":"https:\/\/stephanecade.com\/","title":{"rendered":""},"content":{"rendered":"\n<h1><strong>Nouvel album : Pas ce que tu crois<\/strong><\/h1>\n\n\n\n<div class=\"wp-block-media-text alignwide is-stacked-on-mobile is-vertically-aligned-center\"><figure class=\"wp-block-media-text__media\"><img data-attachment-id=\"73\" data-permalink=\"https:\/\/stephanecade.com\/index.php\/2020\/05\/14\/mon-vrai-premier-article\/cover-pas-ce-que-tu-crois_1440px\/\" data-orig-file=\"https:\/\/i1.wp.com\/stephanecade.com\/wp-content\/uploads\/2020\/05\/Cover-Pas-ce-que-tu-crois_1440px.jpg?fit=1440%2C1440&amp;ssl=1\" data-orig-size=\"1440,1440\" data-comments-opened=\"0\" data-image-meta=\"{&quot;aperture&quot;:&quot;4&quot;,&quot;credit&quot;:&quot;&quot;,&quot;camera&quot;:&quot;Canon EOS M50&quot;,&quot;caption&quot;:&quot;&quot;,&quot;created_timestamp&quot;:&quot;1576840655&quot;,&quot;copyright&quot;:&quot;&quot;,&quot;focal_length&quot;:&quot;22&quot;,&quot;iso&quot;:&quot;6400&quot;,&quot;shutter_speed&quot;:&quot;0.0125&quot;,&quot;title&quot;:&quot;&quot;,&quot;orientation&quot;:&quot;1&quot;}\" data-image-title=\"Cover-Pas-ce-que-tu-crois_1440px\" data-image-description=\"\" data-medium-file=\"https:\/\/i1.wp.com\/stephanecade.com\/wp-content\/uploads\/2020\/05\/Cover-Pas-ce-que-tu-crois_1440px.jpg?fit=300%2C300&amp;ssl=1\" data-large-file=\"https:\/\/i1.wp.com\/stephanecade.com\/wp-content\/uploads\/2020\/05\/Cover-Pas-ce-que-tu-crois_1440px.jpg?fit=525%2C525&amp;ssl=1\" loading=\"lazy\" width=\"525\" height=\"525\" src=\"https:\/\/i1.wp.com\/stephanecade.com\/wp-content\/uploads\/2020\/05\/Cover-Pas-ce-que-tu-crois_1440px.jpg?resize=525%2C525&#038;ssl=1\" alt=\"Cover de l'album Pas ce que tu crois\" class=\"wp-image-73\" srcset=\"https:\/\/i1.wp.com\/stephanecade.com\/wp-content\/uploads\/2020\/05\/Cover-Pas-ce-que-tu-crois_1440px.jpg?resize=1024%2C1024&amp;ssl=1 1024w, https:\/\/i1.wp.com\/stephanecade.com\/wp-content\/uploads\/2020\/05\/Cover-Pas-ce-que-tu-crois_1440px.jpg?resize=300%2C300&amp;ssl=1 300w, https:\/\/i1.wp.com\/stephanecade.com\/wp-content\/uploads\/2020\/05\/Cover-Pas-ce-que-tu-crois_1440px.jpg?resize=150%2C150&amp;ssl=1 150w, https:\/\/i1.wp.com\/stephanecade.com\/wp-content\/uploads\/2020\/05\/Cover-Pas-ce-que-tu-crois_1440px.jpg?resize=768%2C768&amp;ssl=1 768w, https:\/\/i1.wp.com\/stephanecade.com\/wp-content\/uploads\/2020\/05\/Cover-Pas-ce-que-tu-crois_1440px.jpg?w=1440&amp;ssl=1 1440w\" sizes=\"(max-width: 706px) 89vw, (max-width: 767px) 82vw, 740px\" data-recalc-dims=\"1\" \/><\/figure><div class=\"wp-block-media-text__content\">\n<p class=\"has-medium-font-size\"><strong>Un album r\u00e9alis\u00e9 en Norv\u00e8ge<\/strong><\/p>\n\n\n\n<p class=\"has-medium-font-size\">Ce nouvel album est n\u00e9 dans la p\u00e9nombre d\u2019un petit studio \u00e0 Stavanger, dans le sud de la Norv\u00e8ge. <\/p>\n\n\n\n<p class=\"has-medium-font-size\"><strong>Une toile peinte en temps r\u00e9el<\/strong><\/p>\n\n\n\n<p class=\"has-medium-font-size\">R\u00e9alis\u00e9 par St\u00e9phane D\u00e9trez, c\u2019est une toile peinte \u00e0 la vol\u00e9e, une conversation entre ces \u00ab&nbsp;deux St\u00e9phane \u00bb, retranscrite en musique en temps r\u00e9el. Avec la volont\u00e9 d\u2019en conserver la fra\u00eecheur et la spontan\u00e9it\u00e9.<\/p>\n\n\n\n<p class=\"has-medium-font-size\"><em>Pas ce que tu crois<\/em>, nous plonge dans une atmosph\u00e8re m\u00ealant l\u2019intime aux grands espaces. Il dresse un \u00e9tat des lieux tant\u00f4t sombre et d\u00e9senchant\u00e9, tant\u00f4t apais\u00e9 et doux.<\/p>\n<\/div><\/div>\n\n\n\n<blockquote class=\"wp-block-quote\"><p><em>\u00ab Le voyage est autant intime que puissant. La violence est contenue avec \u00e9l\u00e9gance. L\u2019\u00e9criture est un r\u00e9gal pour l\u2019oreille et pour l\u2019esprit. St\u00e9phane Cad\u00e9 est une des plus belles plumes de la chanson actuelle, je l\u2019affirme sans d\u00e9tour \u00bb<\/em><\/p><cite><strong>Michel Trihoreau<\/strong>, <a rel=\"noreferrer noopener\" href=\"http:\/\/www.nosenchanteurs.eu\/index.php\/2020\/04\/23\/stephane-cade-pas-ce-que-tu-crois\/?fbclid=IwAR194ffO-05KFxnGG56OIo6EJA-025EnZji9pvrvP9u4diD0nNBTUyX__ME\" target=\"_blank\">NosEnchanteurs<\/a><\/cite><\/blockquote>\n\n\n\n<blockquote class=\"wp-block-quote\"><p><em>\u00ab &#8230;<\/em> <em>Cad\u00e9 est un styliste. Ils sont rares en chanson \u00e0 maitriser cet art du d\u00e9tail, \u00e0 miser sur l\u2019\u00e9conomie verbale, \u00e0 faire de la concision une r\u00e8gle d\u2019or, \u00e0 mettre l\u2019image au coeur d\u2019un propos sensible. \u2026Une \u00e9criture raffin\u00e9e, des m\u00e9lodies efficaces sans forfanterie \u2026 il n\u2019en faut pas davantage \u00e0 St\u00e9phane Cad\u00e9 pour convaincre haut la main<em>&#8230;&nbsp;\u00bb<\/em> <\/em><\/p><cite>David Desreumaux, Hexagone<\/cite><\/blockquote>\n\n\n\n<blockquote class=\"wp-block-quote\"><p><em>\u00ab \u2026 comment rester insensible \u00e0 \u201cBiches\u201d la tr\u00e8s belle invitation \u00e0 pratiquer le n\u00e9cessaire retour \u00e0 la nature maltrait\u00e9e. Il serait vain de r\u00e9sister \u00e0 ces chansons empreintes d\u2019humanit\u00e9, respirant le v\u00e9cu et dont la musicalit\u00e9 envoute\u2026 Jamais parvenu \u00e0 un tel niveau m\u00e9lodique, l\u2019auteur-compositeur affiche d\u00e9sormais une belle maturit\u00e9 artistique.&nbsp;\u00bb&nbsp;<\/em><\/p><cite>Alain Birmann, <a href=\"http:\/\/www.longueurdondes.com\/2020\/06\/04\/stephane-cade-2\/?fbclid=IwAR1vqO0n1FKG0ZP3qBXLmFhiQsR3BRIDX6c0r3E0OXD-VcJNCVxGpDPUV98\" target=\"_blank\" rel=\"noreferrer noopener\">Longueur d&rsquo;Ondes<\/a><\/cite><\/blockquote>\n\n\n\n<blockquote class=\"wp-block-quote\"><p><em>\u00ab &#8230; Avec sa voix bien r\u00e9sonnante et chaude, St\u00e9phane Cad\u00e9, qui a d\u00e9cid\u00e9ment le don d\u2019installer des ambiances oniriques, nous offre avec ce nouveau CD des tr\u00e9sors de po\u00e9sie humaine&#8230;&nbsp;\u00bb&nbsp;<\/em><\/p><cite>Annie-Claire Hilga, <a href=\"https:\/\/www.facebook.com\/photo.php?fbid=10219825897495601&amp;set=a.1101511655730&amp;type=3&amp;theater\" target=\"_blank\" rel=\"noreferrer noopener\">Francofans<\/a><\/cite><\/blockquote>\n\n\n\n<div style=\"height:50px\" aria-hidden=\"true\" class=\"wp-block-spacer\"><\/div>\n\n\n\n<p><\/p>\n\n\n\n<h4>D\u00e9couvrez le clip de \u00ab\u00a0Kvernevik\u00a0\u00bb<\/h4>\n\n\n\n<iframe width=\"560\" height=\"315\" src=\"https:\/\/www.youtube.com\/embed\/xsB-vJJ5yG0\" frameborder=\"0\" allow=\"accelerometer; autoplay; encrypted-media; gyroscope; picture-in-picture\" allowfullscreen=\"\"><\/iframe>\n\n\n\n<h4>D\u00e9couvrez le clip de \u00ab\u00a0La K7\u00a0\u00bb<\/h4>\n\n\n\n<iframe width=\"560\" height=\"315\" src=\"https:\/\/www.youtube.com\/embed\/vB9xFEvS6L4\" frameborder=\"0\" allow=\"accelerometer; autoplay; encrypted-media; gyroscope; picture-in-picture\" allowfullscreen=\"\"><\/iframe>\n\n\n\n<h4>D\u00e9couvrez le clip de \u00ab\u00a0Oc\u00e9an\u00a0\u00bb<\/h4>\n\n\n\n<iframe width=\"560\" height=\"315\" src=\"https:\/\/www.youtube.com\/embed\/zLvTHQu3P3o\" frameborder=\"0\" allow=\"accelerometer; autoplay; encrypted-media; gyroscope; picture-in-picture\" allowfullscreen=\"\"><\/iframe>\n\n\n\n<h4>D\u00e9couvrez le clip de \u00ab\u00a0Hacker\u00a0\u00bb<\/h4>\n\n\n\n<iframe width=\"560\" height=\"315\" src=\"https:\/\/www.youtube.com\/embed\/py_qi5q9u9o\" frameborder=\"0\" allow=\"accelerometer; autoplay; clipboard-write; encrypted-media; gyroscope; picture-in-picture\" allowfullscreen=\"\"><\/iframe>\n","protected":false},"excerpt":{"rendered":"<p>Nouvel album : Pas ce que tu crois Un album r\u00e9alis\u00e9 en Norv\u00e8ge Ce nouvel album est n\u00e9 dans la p\u00e9nombre d\u2019un petit studio \u00e0 Stavanger, dans le sud de la Norv\u00e8ge. Une toile peinte en temps r\u00e9el R\u00e9alis\u00e9 par St\u00e9phane D\u00e9trez, c\u2019est une toile peinte \u00e0 la vol\u00e9e, une conversation entre ces \u00ab&nbsp;deux St\u00e9phane &hellip; <\/p>\n<p class=\"link-more\"><a href=\"https:\/\/stephanecade.com\/\" class=\"more-link\">Continuer la lecture<span class=\"screen-reader-text\"> de &laquo;&nbsp;&nbsp;&raquo;<\/span><\/a><\/p>\n","protected":false},"author":1,"featured_media":0,"parent":0,"menu_order":1,"comment_status":"closed","ping_status":"closed","template":"","meta":{"spay_email":""},"yoast_head":"<!-- This site is optimized with the Yoast SEO plugin v15.2.1 - https:\/\/yoast.com\/wordpress\/plugins\/seo\/ -->\n<title>Site officiel de l&#039;artiste St\u00e9phane Cad\u00e9<\/title>\n<meta name=\"description\" content=\"Site officiel de l&#039;artiste St\u00e9phane Cad\u00e9. Nouvel album Pas ce que tu crois. Bio, Discographie, Galerie, Boutique, ...\" \/>\n<meta name=\"robots\" content=\"index, follow, max-snippet:-1, max-image-preview:large, max-video-preview:-1\" \/>\n<link rel=\"canonical\" href=\"https:\/\/stephanecade.com\/\" \/>\n<meta property=\"og:locale\" content=\"fr_FR\" \/>\n<meta property=\"og:type\" content=\"article\" \/>\n<meta property=\"og:title\" content=\"Site officiel de l&#039;artiste St\u00e9phane Cad\u00e9\" \/>\n<meta property=\"og:description\" content=\"Site officiel de l&#039;artiste St\u00e9phane Cad\u00e9. Nouvel album Pas ce que tu crois. Bio, Discographie, Galerie, Boutique, ...\" \/>\n<meta property=\"og:url\" content=\"https:\/\/stephanecade.com\/\" \/>\n<meta property=\"og:site_name\" content=\"ST\u00c9PHANE CAD\u00c9\" \/>\n<meta property=\"article:modified_time\" content=\"2020-11-10T14:39:08+00:00\" \/>\n<meta property=\"og:image\" content=\"https:\/\/stephanecade.com\/wp-content\/uploads\/2020\/05\/Cover-Pas-ce-que-tu-crois_1440px-1024x1024.jpg\" \/>\n<meta name=\"twitter:card\" content=\"summary_large_image\" \/>\n<meta name=\"twitter:label1\" content=\"\u00c9crit par\">\n\t<meta name=\"twitter:data1\" content=\"admin3210\">\n\t<meta name=\"twitter:label2\" content=\"Dur\u00e9e de lecture est.\">\n\t<meta name=\"twitter:data2\" content=\"1 minute\">\n<script type=\"application\/ld+json\" class=\"yoast-schema-graph\">{\"@context\":\"https:\/\/schema.org\",\"@graph\":[{\"@type\":\"WebSite\",\"@id\":\"https:\/\/stephanecade.com\/#website\",\"url\":\"https:\/\/stephanecade.com\/\",\"name\":\"ST\\u00c9PHANE CAD\\u00c9\",\"description\":\"SITE OFFICIEL\",\"potentialAction\":[{\"@type\":\"SearchAction\",\"target\":\"https:\/\/stephanecade.com\/?s={search_term_string}\",\"query-input\":\"required name=search_term_string\"}],\"inLanguage\":\"fr-FR\"},{\"@type\":\"ImageObject\",\"@id\":\"https:\/\/stephanecade.com\/#primaryimage\",\"inLanguage\":\"fr-FR\",\"url\":\"https:\/\/i1.wp.com\/stephanecade.com\/wp-content\/uploads\/2020\/05\/Cover-Pas-ce-que-tu-crois_1440px.jpg?fit=1440%2C1440&ssl=1\",\"width\":1440,\"height\":1440,\"caption\":\"Image de couverture de l'album Pas ce que tu crois\"},{\"@type\":\"WebPage\",\"@id\":\"https:\/\/stephanecade.com\/#webpage\",\"url\":\"https:\/\/stephanecade.com\/\",\"name\":\"Site officiel de l'artiste St\\u00e9phane Cad\\u00e9\",\"isPartOf\":{\"@id\":\"https:\/\/stephanecade.com\/#website\"},\"primaryImageOfPage\":{\"@id\":\"https:\/\/stephanecade.com\/#primaryimage\"},\"datePublished\":\"2020-05-14T16:00:30+00:00\",\"dateModified\":\"2020-11-10T14:39:08+00:00\",\"description\":\"Site officiel de l'artiste St\\u00e9phane Cad\\u00e9. Nouvel album Pas ce que tu crois. Bio, Discographie, Galerie, Boutique, ...\",\"inLanguage\":\"fr-FR\",\"potentialAction\":[{\"@type\":\"ReadAction\",\"target\":[\"https:\/\/stephanecade.com\/\"]}]}]}<\/script>\n<!-- \/ Yoast SEO plugin. -->","_links":{"self":[{"href":"https:\/\/stephanecade.com\/index.php\/wp-json\/wp\/v2\/pages\/13"}],"collection":[{"href":"https:\/\/stephanecade.com\/index.php\/wp-json\/wp\/v2\/pages"}],"about":[{"href":"https:\/\/stephanecade.com\/index.php\/wp-json\/wp\/v2\/types\/page"}],"author":[{"embeddable":true,"href":"https:\/\/stephanecade.com\/index.php\/wp-json\/wp\/v2\/users\/1"}],"replies":[{"embeddable":true,"href":"https:\/\/stephanecade.com\/index.php\/wp-json\/wp\/v2\/comments?post=13"}],"version-history":[{"count":86,"href":"https:\/\/stephanecade.com\/index.php\/wp-json\/wp\/v2\/pages\/13\/revisions"}],"predecessor-version":[{"id":1189,"href":"https:\/\/stephanecade.com\/index.php\/wp-json\/wp\/v2\/pages\/13\/revisions\/1189"}],"wp:attachment":[{"href":"https:\/\/stephanecade.com\/index.php\/wp-json\/wp\/v2\/media?parent=13"}],"curies":[{"name":"wp","href":"https:\/\/api.w.org\/{rel}","templated":true}]}}